{"id":1202,"date":"2022-12-08T11:58:26","date_gmt":"2022-12-08T10:58:26","guid":{"rendered":"https:\/\/auroraphotographie.com\/?page_id=1202"},"modified":"2025-11-27T12:08:08","modified_gmt":"2025-11-27T11:08:08","slug":"particulier","status":"publish","type":"page","link":"https:\/\/auroraphotographie.com\/?page_id=1202","title":{"rendered":"Particulier"},"content":{"rendered":"\n<div class=\"wp-block-group is-content-justification-left is-layout-constrained wp-container-core-group-is-layout-12dd3699 wp-block-group-is-layout-constrained has-background\" style=\"min-height:500px;background-image:url(&apos;https:\/\/auroraphotographie.com\/wp-content\/uploads\/2025\/03\/Design-sans-titre-3.png&apos;);background-size:cover;\">\n<div class=\"wp-block-columns is-layout-flex wp-container-core-columns-is-layout-28f84493 wp-block-columns-is-layout-flex\">\n<div class=\"wp-block-column is-layout-flow wp-block-column-is-layout-flow\" style=\"padding-right:var(--wp--preset--spacing--50);padding-left:var(--wp--preset--spacing--50)\">\n<h2 class=\"wp-block-heading has-text-align-left\"><br><br><br><em>Faites confiance \u00e0 une photographe passionn\u00e9e, pour raconter votre histoire!<\/em><\/h2>\n\n\n\n<div class=\"wp-block-buttons has-custom-font-size has-normal-font-size is-content-justification-left is-layout-flex wp-container-core-buttons-is-layout-d909b414 wp-block-buttons-is-layout-flex\" style=\"padding-top:0;padding-right:0;padding-bottom:0;padding-left:0\">\n<div class=\"wp-block-button is-style-outline is-style-outline--1\"><a class=\"wp-block-button__link wp-element-button\" href=\"https:\/\/auroraphotographie.com\/?page_id=1505\" style=\"border-width:2px;border-radius:100px;padding-top:10px;padding-right:70px;padding-bottom:10px;padding-left:70px\">Mariage<\/a><\/div>\n<\/div>\n<\/div>\n\n\n\n<div class=\"wp-block-column is-layout-flow wp-block-column-is-layout-flow\" style=\"border-radius:0px;padding-top:var(--wp--preset--spacing--60)\">\n<figure class=\"wp-block-image alignright size-large is-resized has-custom-border\" style=\"margin-top:var(--wp--preset--spacing--60);margin-right:var(--wp--preset--spacing--40);margin-left:var(--wp--preset--spacing--40)\"><img loading=\"lazy\" decoding=\"async\" width=\"1024\" height=\"683\" src=\"https:\/\/auroraphotographie.com\/wp-content\/uploads\/2025\/05\/PHOTOGRAPHE-MARIAGE-LA-REUNION-1-Aurora-Web-6-1024x683.jpg\" alt=\"<head&gt;\n<title&gt;photographie La R\u00e9union<\/title&gt;\n<title&gt;photographie de mariage<\/title&gt;\n<title&gt;photo de couple<\/title&gt;\n<title&gt;photo de mari\u00e9s<\/title&gt;\n<title&gt;photo de c\u00e9r\u00e9monie<\/title&gt;\n<\/head&gt;\" class=\"wp-image-2941\" style=\"border-style:none;border-width:0px;border-radius:100px;object-fit:cover;width:400px;height:300px\" srcset=\"https:\/\/auroraphotographie.com\/wp-content\/uploads\/2025\/05\/PHOTOGRAPHE-MARIAGE-LA-REUNION-1-Aurora-Web-6-1024x683.jpg 1024w, https:\/\/auroraphotographie.com\/wp-content\/uploads\/2025\/05\/PHOTOGRAPHE-MARIAGE-LA-REUNION-1-Aurora-Web-6-300x200.jpg 300w, https:\/\/auroraphotographie.com\/wp-content\/uploads\/2025\/05\/PHOTOGRAPHE-MARIAGE-LA-REUNION-1-Aurora-Web-6-768x512.jpg 768w, https:\/\/auroraphotographie.com\/wp-content\/uploads\/2025\/05\/PHOTOGRAPHE-MARIAGE-LA-REUNION-1-Aurora-Web-6-1536x1024.jpg 1536w, https:\/\/auroraphotographie.com\/wp-content\/uploads\/2025\/05\/PHOTOGRAPHE-MARIAGE-LA-REUNION-1-Aurora-Web-6.jpg 1920w\" sizes=\"auto, (max-width: 1024px) 100vw, 1024px\" \/><\/figure>\n<\/div>\n<\/div>\n<\/div>\n\n\n\n<div class=\"wp-block-group is-content-justification-left is-layout-constrained wp-container-core-group-is-layout-12dd3699 wp-block-group-is-layout-constrained\" style=\"min-height:0px\">\n<div class=\"wp-block-columns is-layout-flex wp-container-core-columns-is-layout-28f84493 wp-block-columns-is-layout-flex\">\n<div class=\"wp-block-column is-layout-flow wp-block-column-is-layout-flow\" style=\"border-radius:0px;padding-top:var(--wp--preset--spacing--60)\">\n<figure class=\"wp-block-image alignright size-large is-resized has-custom-border\" style=\"margin-right:var(--wp--preset--spacing--70);margin-left:var(--wp--preset--spacing--70)\"><img loading=\"lazy\" decoding=\"async\" width=\"1024\" height=\"683\" src=\"https:\/\/auroraphotographie.com\/wp-content\/uploads\/2025\/10\/COUPLE-MK-PHOTOGRAPHE-AURORA-LA-REUNION-WEB-1-7-1024x683.jpg\" alt=\"\" class=\"wp-image-3193\" style=\"border-style:none;border-width:0px;border-radius:100px;object-fit:cover;width:400px;height:300px\" srcset=\"https:\/\/auroraphotographie.com\/wp-content\/uploads\/2025\/10\/COUPLE-MK-PHOTOGRAPHE-AURORA-LA-REUNION-WEB-1-7-1024x683.jpg 1024w, https:\/\/auroraphotographie.com\/wp-content\/uploads\/2025\/10\/COUPLE-MK-PHOTOGRAPHE-AURORA-LA-REUNION-WEB-1-7-300x200.jpg 300w, https:\/\/auroraphotographie.com\/wp-content\/uploads\/2025\/10\/COUPLE-MK-PHOTOGRAPHE-AURORA-LA-REUNION-WEB-1-7-768x512.jpg 768w, https:\/\/auroraphotographie.com\/wp-content\/uploads\/2025\/10\/COUPLE-MK-PHOTOGRAPHE-AURORA-LA-REUNION-WEB-1-7-1536x1024.jpg 1536w, https:\/\/auroraphotographie.com\/wp-content\/uploads\/2025\/10\/COUPLE-MK-PHOTOGRAPHE-AURORA-LA-REUNION-WEB-1-7.jpg 1920w\" sizes=\"auto, (max-width: 1024px) 100vw, 1024px\" \/><\/figure>\n<\/div>\n\n\n\n<div class=\"wp-block-column is-layout-flow wp-block-column-is-layout-flow\" style=\"padding-right:var(--wp--preset--spacing--50);padding-left:var(--wp--preset--spacing--50)\">\n<h2 class=\"wp-block-heading has-text-align-right\"><br>Faites confiance \u00e0 une photographe passionn\u00e9e, pour cr\u00e9er des images qui c\u00e9l\u00e8brent l\u2019amour, la vie et votre authenticit\u00e9 !<\/h2>\n\n\n\n<div class=\"wp-block-buttons has-custom-font-size has-normal-font-size is-content-justification-right is-layout-flex wp-container-core-buttons-is-layout-846d5b8f wp-block-buttons-is-layout-flex\" style=\"padding-top:0;padding-right:0;padding-bottom:0;padding-left:0\">\n<div class=\"wp-block-button is-style-outline is-style-outline--2\"><a class=\"wp-block-button__link wp-element-button\" href=\"https:\/\/auroraphotographie.com\/?page_id=1436\" style=\"border-width:2px;border-radius:100px;padding-top:20px;padding-right:100px;padding-bottom:20px;padding-left:100px\">Portrait \/ Couple \/ Grossesse<\/a><\/div>\n<\/div>\n<\/div>\n<\/div>\n<\/div>\n\n\n\n<p><\/p>\n","protected":false},"excerpt":{"rendered":"<p>Faites confiance \u00e0 une photographe passionn\u00e9e, pour raconter votre histoire! Faites confiance \u00e0 une photographe passionn\u00e9e, pour cr\u00e9er des images qui c\u00e9l\u00e8brent l\u2019amour, la vie et votre authenticit\u00e9 !<\/p>\n","protected":false},"author":1,"featured_media":0,"parent":0,"menu_order":0,"comment_status":"closed","ping_status":"closed","template":"","meta":{"footnotes":""},"class_list":["post-1202","page","type-page","status-publish","hentry"],"_links":{"self":[{"href":"https:\/\/auroraphotographie.com\/index.php?rest_route=\/wp\/v2\/pages\/1202","targetHints":{"allow":["GET"]}}],"collection":[{"href":"https:\/\/auroraphotographie.com\/index.php?rest_route=\/wp\/v2\/pages"}],"about":[{"href":"https:\/\/auroraphotographie.com\/index.php?rest_route=\/wp\/v2\/types\/page"}],"author":[{"embeddable":true,"href":"https:\/\/auroraphotographie.com\/index.php?rest_route=\/wp\/v2\/users\/1"}],"replies":[{"embeddable":true,"href":"https:\/\/auroraphotographie.com\/index.php?rest_route=%2Fwp%2Fv2%2Fcomments&post=1202"}],"version-history":[{"count":72,"href":"https:\/\/auroraphotographie.com\/index.php?rest_route=\/wp\/v2\/pages\/1202\/revisions"}],"predecessor-version":[{"id":3345,"href":"https:\/\/auroraphotographie.com\/index.php?rest_route=\/wp\/v2\/pages\/1202\/revisions\/3345"}],"wp:attachment":[{"href":"https:\/\/auroraphotographie.com\/index.php?rest_route=%2Fwp%2Fv2%2Fmedia&parent=1202"}],"curies":[{"name":"wp","href":"https:\/\/api.w.org\/{rel}","templated":true}]}}