{"id":379,"date":"2022-08-25T18:49:16","date_gmt":"2022-08-25T16:49:16","guid":{"rendered":"https:\/\/auroraphotographie.com\/?page_id=379"},"modified":"2025-04-22T09:33:35","modified_gmt":"2025-04-22T07:33:35","slug":"mecontacter","status":"publish","type":"page","link":"https:\/\/auroraphotographie.com\/?page_id=379","title":{"rendered":"Me contacter"},"content":{"rendered":"\n<h1 class=\"wp-block-heading has-text-align-center has-text-color\" style=\"color:#b37949;font-size:25px\"><br>Me contacter<\/h1>\n\n\n\n<h1 class=\"wp-block-heading has-text-align-center has-text-color\" style=\"color:#b37949;font-size:25px\"><br>Photographe &#8211; La R\u00e9union<\/h1>\n\n\n\n<div class=\"wp-block-columns is-layout-flex wp-container-core-columns-is-layout-28f84493 wp-block-columns-is-layout-flex\">\n<div class=\"wp-block-column is-layout-flow wp-block-column-is-layout-flow\" style=\"flex-basis:100%\">\n<div class=\"wp-block-columns is-layout-flex wp-container-core-columns-is-layout-e0659f76 wp-block-columns-is-layout-flex\" style=\"padding-top:50px\">\n<div class=\"wp-block-column is-layout-flow wp-block-column-is-layout-flow\">\n<div class=\"wp-block-group is-layout-flow wp-block-group-is-layout-flow\" style=\"padding-right:var(--wp--preset--spacing--50);padding-left:var(--wp--preset--spacing--50)\">\n<figure class=\"wp-block-image aligncenter size-large has-custom-border\"><img loading=\"lazy\" decoding=\"async\" width=\"1024\" height=\"1024\" src=\"https:\/\/auroraphotographie.com\/wp-content\/uploads\/2023\/03\/Fichier-7-1024x1024.png\" alt=\"<head&gt;\n<title&gt;photo portrait<\/title&gt;\n<title&gt; photo fun<\/title&gt;\n<title&gt; photo color\u00e9<\/title&gt;\n<title&gt; photographe portrait<\/title&gt;\n<title&gt; photographe confiance en soi<\/title&gt;\n<title&gt;photographe mariage religieux<\/title&gt;\n<title&gt;photographe mariage La R\u00e9union<\/title&gt;\n<title&gt;photographe h\u00f4tel \u00eele de La R\u00e9union<\/title&gt;\n<\/head&gt;\" class=\"has-border-color wp-image-1264\" style=\"border-color:#ffffff00;border-width:20px;border-top-right-radius:220px\" srcset=\"https:\/\/auroraphotographie.com\/wp-content\/uploads\/2023\/03\/Fichier-7-1024x1024.png 1024w, https:\/\/auroraphotographie.com\/wp-content\/uploads\/2023\/03\/Fichier-7-300x300.png 300w, https:\/\/auroraphotographie.com\/wp-content\/uploads\/2023\/03\/Fichier-7-150x150.png 150w, https:\/\/auroraphotographie.com\/wp-content\/uploads\/2023\/03\/Fichier-7-768x769.png 768w, https:\/\/auroraphotographie.com\/wp-content\/uploads\/2023\/03\/Fichier-7.png 1400w\" sizes=\"auto, (max-width: 1024px) 100vw, 1024px\" \/><\/figure>\n<\/div>\n<\/div>\n\n\n\n<div class=\"wp-block-column is-vertically-aligned-center is-layout-flow wp-container-core-column-is-layout-a306df66 wp-block-column-is-layout-flow\" style=\"padding-top:2.5rem;padding-right:2.5rem;padding-bottom:2.5rem;padding-left:2.5rem\">\n<div class=\"wpcf7 no-js\" id=\"wpcf7-f1572-o1\" lang=\"en-US\" dir=\"ltr\">\n<div class=\"screen-reader-response\"><p role=\"status\" aria-live=\"polite\" aria-atomic=\"true\"><\/p> <ul><\/ul><\/div>\n<form action=\"\/index.php?rest_route=%2Fwp%2Fv2%2Fpages%2F379#wpcf7-f1572-o1\" method=\"post\" class=\"wpcf7-form init\" aria-label=\"Contact form\" novalidate=\"novalidate\" data-status=\"init\">\n<div style=\"display: none;\">\n<input type=\"hidden\" name=\"_wpcf7\" value=\"1572\" \/>\n<input type=\"hidden\" name=\"_wpcf7_version\" value=\"5.8\" \/>\n<input type=\"hidden\" name=\"_wpcf7_locale\" value=\"en_US\" \/>\n<input type=\"hidden\" name=\"_wpcf7_unit_tag\" value=\"wpcf7-f1572-o1\" \/>\n<input type=\"hidden\" name=\"_wpcf7_container_post\" value=\"0\" \/>\n<input type=\"hidden\" name=\"_wpcf7_posted_data_hash\" value=\"\" \/>\n<\/div>\n<p><label> Votre nom<br \/>\n<span class=\"wpcf7-form-control-wrap\" data-name=\"your-name\"><input size=\"40\" class=\"wpcf7-form-control wpcf7-text wpcf7-validates-as-required\" autocomplete=\"name\" aria-required=\"true\" aria-invalid=\"false\" value=\"\" type=\"text\" name=\"your-name\" \/><\/span> <\/label>\n<\/p>\n<p><label> Votre email<br \/>\n<span class=\"wpcf7-form-control-wrap\" data-name=\"your-email\"><input size=\"40\" class=\"wpcf7-form-control wpcf7-email wpcf7-validates-as-required wpcf7-text wpcf7-validates-as-email\" autocomplete=\"email\" aria-required=\"true\" aria-invalid=\"false\" value=\"\" type=\"email\" name=\"your-email\" \/><\/span> <\/label>\n<\/p>\n<p><label> Objet<br \/>\n<span class=\"wpcf7-form-control-wrap\" data-name=\"your-subject\"><input size=\"40\" class=\"wpcf7-form-control wpcf7-text wpcf7-validates-as-required\" aria-required=\"true\" aria-invalid=\"false\" value=\"\" type=\"text\" name=\"your-subject\" \/><\/span> <\/label>\n<\/p>\n<p><label> Message<br \/>\n<span class=\"wpcf7-form-control-wrap\" data-name=\"your-message\"><textarea cols=\"40\" rows=\"10\" class=\"wpcf7-form-control wpcf7-textarea\" aria-invalid=\"false\" name=\"your-message\"><\/textarea><\/span> <\/label>\n<\/p>\n<p><input class=\"wpcf7-form-control wpcf7-submit has-spinner\" type=\"submit\" value=\"Envoyer\" \/>\n<\/p><div class=\"wpcf7-response-output\" aria-hidden=\"true\"><\/div>\n<\/form>\n<\/div>\n\n\n\n<nav class=\"items-justified-left wp-block-navigation is-content-justification-left is-layout-flex wp-container-core-navigation-is-layout-b749e1ba wp-block-navigation-is-layout-flex\" aria-label=\"Navigation 8\"><ul class=\"wp-block-navigation__container items-justified-left wp-block-navigation\"><li class=\" wp-block-navigation-item wp-block-navigation-link\"><a class=\"wp-block-navigation-item__content\"  href=\"mailto:apolline.nau@gmail.com\" target=\"_blank\"  ><span class=\"wp-block-navigation-item__label\">apolline.nau@gmail.com<\/span><\/a><\/li><\/ul><\/nav>\n\n\n<p><a href=\"tel:0693441863\">06 93 44 18 63<\/a><\/p>\n\n\n\n<p class=\"has-text-align-left\">\u00cele de la R\u00e9union<\/p>\n<\/div>\n<\/div>\n<\/div>\n<\/div>\n\n\n\n<div class=\"wp-block-columns is-layout-flex wp-container-core-columns-is-layout-28f84493 wp-block-columns-is-layout-flex\"><\/div>\n","protected":false},"excerpt":{"rendered":"<p>Me contacter Photographe &#8211; La R\u00e9union 06 93 44 18 63 \u00cele de la R\u00e9union<\/p>\n","protected":false},"author":1,"featured_media":0,"parent":0,"menu_order":0,"comment_status":"closed","ping_status":"closed","template":"","meta":{"footnotes":""},"class_list":["post-379","page","type-page","status-publish","hentry"],"_links":{"self":[{"href":"https:\/\/auroraphotographie.com\/index.php?rest_route=\/wp\/v2\/pages\/379","targetHints":{"allow":["GET"]}}],"collection":[{"href":"https:\/\/auroraphotographie.com\/index.php?rest_route=\/wp\/v2\/pages"}],"about":[{"href":"https:\/\/auroraphotographie.com\/index.php?rest_route=\/wp\/v2\/types\/page"}],"author":[{"embeddable":true,"href":"https:\/\/auroraphotographie.com\/index.php?rest_route=\/wp\/v2\/users\/1"}],"replies":[{"embeddable":true,"href":"https:\/\/auroraphotographie.com\/index.php?rest_route=%2Fwp%2Fv2%2Fcomments&post=379"}],"version-history":[{"count":74,"href":"https:\/\/auroraphotographie.com\/index.php?rest_route=\/wp\/v2\/pages\/379\/revisions"}],"predecessor-version":[{"id":2743,"href":"https:\/\/auroraphotographie.com\/index.php?rest_route=\/wp\/v2\/pages\/379\/revisions\/2743"}],"wp:attachment":[{"href":"https:\/\/auroraphotographie.com\/index.php?rest_route=%2Fwp%2Fv2%2Fmedia&parent=379"}],"curies":[{"name":"wp","href":"https:\/\/api.w.org\/{rel}","templated":true}]}}